{"id":10143,"date":"2023-11-03T17:39:35","date_gmt":"2023-11-03T18:39:35","guid":{"rendered":"https:\/\/lawyer-cyp.com\/product\/melek-smartoglu-uygur\/"},"modified":"2023-11-03T17:39:35","modified_gmt":"2023-11-03T18:39:35","slug":"melek-smartoglu-uygur","status":"publish","type":"product","link":"https:\/\/lawyer-cyp.com\/en\/product\/melek-smartoglu-uygur\/","title":{"rendered":"Melek Smartoglu Uygur"},"content":{"rendered":"<p><strong><u>Personal Information;<\/u><\/strong><\/p>\n<p>Name:\u00a0 Melek<\/p>\n<p>Surname: Hakk\u0131o\u011flu Uygur<\/p>\n<p>Address: D\u00f6ve\u00e7 Trio Apartmanlar\u0131, 27.Blok, No.9, Famagusta.<\/p>\n<p>Email: pekakillioglu@gmail.com<\/p>\n<p>Phone: 0533 836 44 63<\/p>\n<p><strong><u>Graduated School and Department;<\/u><\/strong><\/p>\n<p>Eastern Mediterranean University (Faculty of Law) (Vocational School of Justice)<\/p>\n<p>(Between 2015-2017)<\/p>\n<p>Eastern Mediterranean University (Faculty of Law) (Between 2017 \u2013 2022)<\/p>\n<p><strong><u>Occupation;<\/u><\/strong><\/p>\n<p>Lawyer<\/p>\n<p><strong><u>Work Experience;<\/u><\/strong><\/p>\n<ul>\n<li>Do\u011fa Alp Limited Stores (\u0130pekyol-Twist-Jakamen)(Part Time)(Between 2017-2021)<\/li>\n<li>\u015eerife Transt\u00fcrk &amp; Hunting. 1.5 Years Internship Training at \u00dclk\u00fc Avc\u0131 Law Office (Year 2022)<\/li>\n<\/ul>\n<p>&nbsp;<\/p>\n<p><strong><u>Symposiums;<\/u><\/strong><\/p>\n<ul>\n<li>\u201cTC-TRNC Comparative Citizenship Law\u201d<\/li>\n<li>\u201cGender Equality: Violence Against Women\/Domestic Violence and the Law\u201d<\/li>\n<\/ul>\n<p>&nbsp;<\/p>\n<p><strong><u>References;<\/u><\/strong><\/p>\n<ul>\n<li>Tu\u011fba \u00d6zg\u00fcler (\u0130pekyol-Twist-Jakamen) Store Manager (Tel No:0533 847 75 17)<\/li>\n<li>\u015eerife Transt\u00fcrk ( Tel No: 0548 863 28 38)<\/li>\n<li>\u00dclk\u00fc Avc\u0131 (Tel No: 0533 830 32 42)<\/li>\n<\/ul>\n","protected":false},"excerpt":{"rendered":"<p>Personal Information; Name:\u00a0 Melek Surname: Hakk\u0131o\u011flu Uygur Address: D\u00f6ve\u00e7 Trio Apartmanlar\u0131, 27.Blok, No.9, Famagusta. Email: pekakillioglu@gmail.com Phone: 0533 836 44<\/p>\n","protected":false},"featured_media":10139,"comment_status":"open","ping_status":"closed","template":"","meta":[],"product_brand":[],"product_cat":[63],"product_tag":[],"class_list":{"0":"post-10143","1":"product","2":"type-product","3":"status-publish","4":"has-post-thumbnail","6":"product_cat-uncategorized-en","8":"first","9":"instock","10":"shipping-taxable","11":"product-type-simple"},"yoast_head":"<!-- This site is optimized with the Yoast SEO Premium plugin v24.6 (Yoast SEO v27.2) - https:\/\/yoast.com\/product\/yoast-seo-premium-wordpress\/ -->\n<title>Melek Smartoglu Uygur - high rock<\/title>\n<meta name=\"robots\" content=\"index, follow, max-snippet:-1, max-image-preview:large, max-video-preview:-1\" \/>\n<link rel=\"canonical\" href=\"https:\/\/lawyer-cyp.com\/en\/product\/melek-smartoglu-uygur\/\" \/>\n<meta property=\"og:locale\" content=\"en_US\" \/>\n<meta property=\"og:type\" content=\"article\" \/>\n<meta property=\"og:title\" content=\"Melek Smartoglu Uygur\" \/>\n<meta property=\"og:description\" content=\"Personal Information; Name:\u00a0 Melek Surname: Hakk\u0131o\u011flu Uygur Address: D\u00f6ve\u00e7 Trio Apartmanlar\u0131, 27.Blok, No.9, Famagusta. Email: pekakillioglu@gmail.com Phone: 0533 836 44\" \/>\n<meta property=\"og:url\" content=\"https:\/\/lawyer-cyp.com\/en\/product\/melek-smartoglu-uygur\/\" \/>\n<meta property=\"og:site_name\" content=\"high rock\" \/>\n<meta property=\"og:image\" content=\"https:\/\/lawyer-cyp.com\/wp-content\/uploads\/2023\/11\/Untitled3.jpg\" \/>\n\t<meta property=\"og:image:width\" content=\"600\" \/>\n\t<meta property=\"og:image:height\" content=\"800\" \/>\n\t<meta property=\"og:image:type\" content=\"image\/jpeg\" \/>\n<meta name=\"twitter:card\" content=\"summary_large_image\" \/>\n<meta name=\"twitter:label1\" content=\"Price\" \/>\n\t<meta name=\"twitter:data1\" content=\"\" \/>\n\t<meta name=\"twitter:label2\" content=\"Availability\" \/>\n\t<meta name=\"twitter:data2\" content=\"In stock\" \/>\n<script type=\"application\/ld+json\" class=\"yoast-schema-graph\">{\"@context\":\"https:\/\/schema.org\",\"@graph\":[{\"@type\":\"WebPage\",\"@id\":\"https:\/\/lawyer-cyp.com\/en\/product\/melek-smartoglu-uygur\/\",\"url\":\"https:\/\/lawyer-cyp.com\/en\/product\/melek-smartoglu-uygur\/\",\"name\":\"Melek Smartoglu Uygur - high rock\",\"isPartOf\":{\"@id\":\"https:\/\/lawyer-cyp.com\/#website\"},\"primaryImageOfPage\":{\"@id\":\"https:\/\/lawyer-cyp.com\/en\/product\/melek-smartoglu-uygur\/#primaryimage\"},\"image\":{\"@id\":\"https:\/\/lawyer-cyp.com\/en\/product\/melek-smartoglu-uygur\/#primaryimage\"},\"thumbnailUrl\":\"https:\/\/lawyer-cyp.com\/wp-content\/uploads\/2023\/11\/Untitled3.jpg\",\"datePublished\":\"2023-11-03T18:39:35+00:00\",\"breadcrumb\":{\"@id\":\"https:\/\/lawyer-cyp.com\/en\/product\/melek-smartoglu-uygur\/#breadcrumb\"},\"inLanguage\":\"en-US\",\"potentialAction\":[{\"@type\":\"ReadAction\",\"target\":[\"https:\/\/lawyer-cyp.com\/en\/product\/melek-smartoglu-uygur\/\"]}]},{\"@type\":\"ImageObject\",\"inLanguage\":\"en-US\",\"@id\":\"https:\/\/lawyer-cyp.com\/en\/product\/melek-smartoglu-uygur\/#primaryimage\",\"url\":\"https:\/\/lawyer-cyp.com\/wp-content\/uploads\/2023\/11\/Untitled3.jpg\",\"contentUrl\":\"https:\/\/lawyer-cyp.com\/wp-content\/uploads\/2023\/11\/Untitled3.jpg\",\"width\":600,\"height\":800,\"caption\":\"Ak\u0131ll\u0131o\u011flu-Uygur\"},{\"@type\":\"BreadcrumbList\",\"@id\":\"https:\/\/lawyer-cyp.com\/en\/product\/melek-smartoglu-uygur\/#breadcrumb\",\"itemListElement\":[{\"@type\":\"ListItem\",\"position\":1,\"name\":\"Home\",\"item\":\"https:\/\/lawyer-cyp.com\/\"},{\"@type\":\"ListItem\",\"position\":2,\"name\":\"avukatlar\",\"item\":\"https:\/\/lawyer-cyp.com\/shop\/\"},{\"@type\":\"ListItem\",\"position\":3,\"name\":\"Melek Smartoglu Uygur\"}]},{\"@type\":\"WebSite\",\"@id\":\"https:\/\/lawyer-cyp.com\/#website\",\"url\":\"https:\/\/lawyer-cyp.com\/\",\"name\":\"high rock\",\"description\":\"\",\"publisher\":{\"@id\":\"https:\/\/lawyer-cyp.com\/#organization\"},\"potentialAction\":[{\"@type\":\"SearchAction\",\"target\":{\"@type\":\"EntryPoint\",\"urlTemplate\":\"https:\/\/lawyer-cyp.com\/?s={search_term_string}\"},\"query-input\":{\"@type\":\"PropertyValueSpecification\",\"valueRequired\":true,\"valueName\":\"search_term_string\"}}],\"inLanguage\":\"en-US\"},{\"@type\":\"Organization\",\"@id\":\"https:\/\/lawyer-cyp.com\/#organization\",\"name\":\"High rock\",\"url\":\"https:\/\/lawyer-cyp.com\/\",\"logo\":{\"@type\":\"ImageObject\",\"inLanguage\":\"en-US\",\"@id\":\"https:\/\/lawyer-cyp.com\/#\/schema\/logo\/image\/\",\"url\":\"https:\/\/lawyer-cyp.com\/wp-content\/uploads\/2023\/02\/logo.png\",\"contentUrl\":\"https:\/\/lawyer-cyp.com\/wp-content\/uploads\/2023\/02\/logo.png\",\"width\":500,\"height\":156,\"caption\":\"High rock\"},\"image\":{\"@id\":\"https:\/\/lawyer-cyp.com\/#\/schema\/logo\/image\/\"}}]}<\/script>\n<meta property=\"product:price:currency\" content=\"TRY\" \/>\n<meta property=\"og:availability\" content=\"instock\" \/>\n<meta property=\"product:availability\" content=\"instock\" \/>\n<meta property=\"product:condition\" content=\"new\" \/>\n<!-- \/ Yoast SEO Premium plugin. -->","yoast_head_json":{"title":"Melek Smartoglu Uygur - high rock","robots":{"index":"index","follow":"follow","max-snippet":"max-snippet:-1","max-image-preview":"max-image-preview:large","max-video-preview":"max-video-preview:-1"},"canonical":"https:\/\/lawyer-cyp.com\/en\/product\/melek-smartoglu-uygur\/","og_locale":"en_US","og_type":"article","og_title":"Melek Smartoglu Uygur","og_description":"Personal Information; Name:\u00a0 Melek Surname: Hakk\u0131o\u011flu Uygur Address: D\u00f6ve\u00e7 Trio Apartmanlar\u0131, 27.Blok, No.9, Famagusta. Email: pekakillioglu@gmail.com Phone: 0533 836 44","og_url":"https:\/\/lawyer-cyp.com\/en\/product\/melek-smartoglu-uygur\/","og_site_name":"high rock","og_image":[{"width":600,"height":800,"url":"https:\/\/lawyer-cyp.com\/wp-content\/uploads\/2023\/11\/Untitled3.jpg","type":"image\/jpeg"}],"twitter_card":"summary_large_image","twitter_misc":{"Price":"","Availability":"In stock"},"schema":{"@context":"https:\/\/schema.org","@graph":[{"@type":"WebPage","@id":"https:\/\/lawyer-cyp.com\/en\/product\/melek-smartoglu-uygur\/","url":"https:\/\/lawyer-cyp.com\/en\/product\/melek-smartoglu-uygur\/","name":"Melek Smartoglu Uygur - high rock","isPartOf":{"@id":"https:\/\/lawyer-cyp.com\/#website"},"primaryImageOfPage":{"@id":"https:\/\/lawyer-cyp.com\/en\/product\/melek-smartoglu-uygur\/#primaryimage"},"image":{"@id":"https:\/\/lawyer-cyp.com\/en\/product\/melek-smartoglu-uygur\/#primaryimage"},"thumbnailUrl":"https:\/\/lawyer-cyp.com\/wp-content\/uploads\/2023\/11\/Untitled3.jpg","datePublished":"2023-11-03T18:39:35+00:00","breadcrumb":{"@id":"https:\/\/lawyer-cyp.com\/en\/product\/melek-smartoglu-uygur\/#breadcrumb"},"inLanguage":"en-US","potentialAction":[{"@type":"ReadAction","target":["https:\/\/lawyer-cyp.com\/en\/product\/melek-smartoglu-uygur\/"]}]},{"@type":"ImageObject","inLanguage":"en-US","@id":"https:\/\/lawyer-cyp.com\/en\/product\/melek-smartoglu-uygur\/#primaryimage","url":"https:\/\/lawyer-cyp.com\/wp-content\/uploads\/2023\/11\/Untitled3.jpg","contentUrl":"https:\/\/lawyer-cyp.com\/wp-content\/uploads\/2023\/11\/Untitled3.jpg","width":600,"height":800,"caption":"Ak\u0131ll\u0131o\u011flu-Uygur"},{"@type":"BreadcrumbList","@id":"https:\/\/lawyer-cyp.com\/en\/product\/melek-smartoglu-uygur\/#breadcrumb","itemListElement":[{"@type":"ListItem","position":1,"name":"Home","item":"https:\/\/lawyer-cyp.com\/"},{"@type":"ListItem","position":2,"name":"avukatlar","item":"https:\/\/lawyer-cyp.com\/shop\/"},{"@type":"ListItem","position":3,"name":"Melek Smartoglu Uygur"}]},{"@type":"WebSite","@id":"https:\/\/lawyer-cyp.com\/#website","url":"https:\/\/lawyer-cyp.com\/","name":"high rock","description":"","publisher":{"@id":"https:\/\/lawyer-cyp.com\/#organization"},"potentialAction":[{"@type":"SearchAction","target":{"@type":"EntryPoint","urlTemplate":"https:\/\/lawyer-cyp.com\/?s={search_term_string}"},"query-input":{"@type":"PropertyValueSpecification","valueRequired":true,"valueName":"search_term_string"}}],"inLanguage":"en-US"},{"@type":"Organization","@id":"https:\/\/lawyer-cyp.com\/#organization","name":"High rock","url":"https:\/\/lawyer-cyp.com\/","logo":{"@type":"ImageObject","inLanguage":"en-US","@id":"https:\/\/lawyer-cyp.com\/#\/schema\/logo\/image\/","url":"https:\/\/lawyer-cyp.com\/wp-content\/uploads\/2023\/02\/logo.png","contentUrl":"https:\/\/lawyer-cyp.com\/wp-content\/uploads\/2023\/02\/logo.png","width":500,"height":156,"caption":"High rock"},"image":{"@id":"https:\/\/lawyer-cyp.com\/#\/schema\/logo\/image\/"}}]},"product_price_currency":"TRY","og_availability":"instock","product_availability":"instock","product_condition":"new"},"_links":{"self":[{"href":"https:\/\/lawyer-cyp.com\/en\/wp-json\/wp\/v2\/product\/10143","targetHints":{"allow":["GET"]}}],"collection":[{"href":"https:\/\/lawyer-cyp.com\/en\/wp-json\/wp\/v2\/product"}],"about":[{"href":"https:\/\/lawyer-cyp.com\/en\/wp-json\/wp\/v2\/types\/product"}],"replies":[{"embeddable":true,"href":"https:\/\/lawyer-cyp.com\/en\/wp-json\/wp\/v2\/comments?post=10143"}],"version-history":[{"count":0,"href":"https:\/\/lawyer-cyp.com\/en\/wp-json\/wp\/v2\/product\/10143\/revisions"}],"wp:featuredmedia":[{"embeddable":true,"href":"https:\/\/lawyer-cyp.com\/en\/wp-json\/wp\/v2\/media\/10139"}],"wp:attachment":[{"href":"https:\/\/lawyer-cyp.com\/en\/wp-json\/wp\/v2\/media?parent=10143"}],"wp:term":[{"taxonomy":"product_brand","embeddable":true,"href":"https:\/\/lawyer-cyp.com\/en\/wp-json\/wp\/v2\/product_brand?post=10143"},{"taxonomy":"product_cat","embeddable":true,"href":"https:\/\/lawyer-cyp.com\/en\/wp-json\/wp\/v2\/product_cat?post=10143"},{"taxonomy":"product_tag","embeddable":true,"href":"https:\/\/lawyer-cyp.com\/en\/wp-json\/wp\/v2\/product_tag?post=10143"}],"curies":[{"name":"wp","href":"https:\/\/api.w.org\/{rel}","templated":true}]}}