{"id":9048,"date":"2022-10-19T07:01:23","date_gmt":"2022-10-19T07:01:23","guid":{"rendered":"https:\/\/lawyer-cyp.com\/%d9%84%db%8c%d8%b3%d8%aa-%d8%b9%d9%84%d8%a7%d9%82%d9%87-%d9%85%d9%86%d8%af%db%8c-%d9%87%d8%a7\/"},"modified":"2023-02-18T13:15:05","modified_gmt":"2023-02-18T14:15:05","slug":"favorite-fa","status":"publish","type":"page","link":"https:\/\/lawyer-cyp.com\/fa\/favorite-fa\/","title":{"rendered":"\u0644\u06cc\u0633\u062a \u0639\u0644\u0627\u0642\u0647 \u0645\u0646\u062f\u06cc \u0647\u0627"},"content":{"rendered":"\t\t\n\t\t\n\t\t<div class=\"\">\n\t\t\t\t\t\t<div class=\"wd-wishlist-content\">\n\t\t\t\t\t\t\t\t\t\t\t\n\t\t<p class=\"wd-empty-wishlist wd-empty-page\">\n\t\t\t\u0644\u06cc\u0633\u062a \u0639\u0644\u0627\u0642\u0647 \u0645\u0646\u062f\u06cc \u0647\u0627 \u062e\u0627\u0644\u06cc \u0627\u0633\u062a.\t\t<\/p>\n\n\t\t\t\t\t<div class=\"wd-empty-page-text\">\n\t\t\t\t\u0130stek listenizde hen\u00fcz herhangi bir \u00f6\u011fe yok. <br> \"Ma\u011faza\" sayfam\u0131zda bir\u00e7ok ilgin\u00e7 \u00fcr\u00fcn bulacaks\u0131n\u0131z.\t\t\t<\/div>\n\t\t\n\t\t\n\t\t\t\t\t<p class=\"return-to-shop\">\n\t\t\t\t<a class=\"button\" href=\"https:\/\/lawyer-cyp.com\/shop\/\">\n\t\t\t\t\t\u0628\u0627\u0632\u06af\u0634\u062a \u0628\u0647 \u0641\u0631\u0648\u0634\u06af\u0627\u0647\t\t\t\t<\/a>\n\t\t\t<\/p>\n\t\t\t\t\t\t\t\t\t\t\t<\/div>\n\t\t\t\t<\/div>\n\t\t\n","protected":false},"excerpt":{"rendered":"","protected":false},"author":17,"featured_media":0,"parent":0,"menu_order":0,"comment_status":"closed","ping_status":"closed","template":"","meta":{"footnotes":""},"class_list":["post-9048","page","type-page","status-publish","hentry"],"yoast_head":"<!-- This site is optimized with the Yoast SEO Premium plugin v24.6 (Yoast SEO v27.2) - https:\/\/yoast.com\/product\/yoast-seo-premium-wordpress\/ -->\n<title>\u0648\u06a9\u06cc\u0644 \u0645\u0639\u0631\u0648\u0641 | \u0628\u0647\u062a\u0631\u06cc\u0646 \u0648\u06a9\u06cc\u0644 \u0642\u0628\u0631\u0633 \u0634\u0645\u0627\u0644\u06cc | \u0648\u06a9\u06cc\u0644 \u0639\u0627\u0644\u06cc<\/title>\n<meta name=\"description\" content=\"\u0648\u06a9\u06cc\u0644 \u0645\u0648\u0631\u062f \u0639\u0644\u0627\u0642\u0647 \u062e\u0648\u062f \u0631\u0627 \u062f\u0631 \u0627\u06cc\u0646 \u0628\u062e\u0634 \u0627\u0646\u062a\u062e\u0627\u0628 \u06a9\u0646\u06cc\u062f. \u0645\u0627 \u0628\u0647\u062a\u0631\u06cc\u0646 \u0648\u06a9\u0644\u0627\u06cc \u0634\u0647\u0631 \u0642\u0628\u0631\u0633 \u0634\u0645\u0627\u0644\u06cc \u0631\u0627 \u062f\u0627\u0631\u06cc\u0645. \u0628\u0647 \u0631\u0632\u0648\u0645\u0647 \u0622\u0646\u0647\u0627 \u062a\u0648\u062c\u0647 \u06a9\u0646\u06cc\u062f.\" \/>\n<meta name=\"robots\" content=\"index, follow, max-snippet:-1, max-image-preview:large, max-video-preview:-1\" \/>\n<link rel=\"canonical\" href=\"https:\/\/lawyer-cyp.com\/fa\/favorite-fa\/\" \/>\n<meta property=\"og:locale\" content=\"fa_IR\" \/>\n<meta property=\"og:type\" content=\"article\" \/>\n<meta property=\"og:title\" content=\"\u0644\u06cc\u0633\u062a \u0639\u0644\u0627\u0642\u0647 \u0645\u0646\u062f\u06cc \u0647\u0627\" \/>\n<meta property=\"og:description\" content=\"\u0648\u06a9\u06cc\u0644 \u0645\u0648\u0631\u062f \u0639\u0644\u0627\u0642\u0647 \u062e\u0648\u062f \u0631\u0627 \u062f\u0631 \u0627\u06cc\u0646 \u0628\u062e\u0634 \u0627\u0646\u062a\u062e\u0627\u0628 \u06a9\u0646\u06cc\u062f. \u0645\u0627 \u0628\u0647\u062a\u0631\u06cc\u0646 \u0648\u06a9\u0644\u0627\u06cc \u0634\u0647\u0631 \u0642\u0628\u0631\u0633 \u0634\u0645\u0627\u0644\u06cc \u0631\u0627 \u062f\u0627\u0631\u06cc\u0645. \u0628\u0647 \u0631\u0632\u0648\u0645\u0647 \u0622\u0646\u0647\u0627 \u062a\u0648\u062c\u0647 \u06a9\u0646\u06cc\u062f.\" \/>\n<meta property=\"og:url\" content=\"https:\/\/lawyer-cyp.com\/fa\/favorite-fa\/\" \/>\n<meta property=\"og:site_name\" content=\"high rock\" \/>\n<meta property=\"article:modified_time\" content=\"2023-02-18T14:15:05+00:00\" \/>\n<meta name=\"twitter:card\" content=\"summary_large_image\" \/>\n<meta name=\"twitter:label1\" content=\"\u0632\u0645\u0627\u0646 \u062a\u0642\u0631\u06cc\u0628\u06cc \u0628\u0631\u0627\u06cc \u062e\u0648\u0627\u0646\u062f\u0646\" \/>\n\t<meta name=\"twitter:data1\" content=\"1 \u062f\u0642\u06cc\u0642\u0647\" \/>\n<script type=\"application\/ld+json\" class=\"yoast-schema-graph\">{\"@context\":\"https:\/\/schema.org\",\"@graph\":[{\"@type\":\"WebPage\",\"@id\":\"https:\/\/lawyer-cyp.com\/fa\/favorite-fa\/\",\"url\":\"https:\/\/lawyer-cyp.com\/fa\/favorite-fa\/\",\"name\":\"\u0648\u06a9\u06cc\u0644 \u0645\u0639\u0631\u0648\u0641 | \u0628\u0647\u062a\u0631\u06cc\u0646 \u0648\u06a9\u06cc\u0644 \u0642\u0628\u0631\u0633 \u0634\u0645\u0627\u0644\u06cc | \u0648\u06a9\u06cc\u0644 \u0639\u0627\u0644\u06cc\",\"isPartOf\":{\"@id\":\"https:\/\/lawyer-cyp.com\/#website\"},\"datePublished\":\"2022-10-19T07:01:23+00:00\",\"dateModified\":\"2023-02-18T14:15:05+00:00\",\"description\":\"\u0648\u06a9\u06cc\u0644 \u0645\u0648\u0631\u062f \u0639\u0644\u0627\u0642\u0647 \u062e\u0648\u062f \u0631\u0627 \u062f\u0631 \u0627\u06cc\u0646 \u0628\u062e\u0634 \u0627\u0646\u062a\u062e\u0627\u0628 \u06a9\u0646\u06cc\u062f. \u0645\u0627 \u0628\u0647\u062a\u0631\u06cc\u0646 \u0648\u06a9\u0644\u0627\u06cc \u0634\u0647\u0631 \u0642\u0628\u0631\u0633 \u0634\u0645\u0627\u0644\u06cc \u0631\u0627 \u062f\u0627\u0631\u06cc\u0645. \u0628\u0647 \u0631\u0632\u0648\u0645\u0647 \u0622\u0646\u0647\u0627 \u062a\u0648\u062c\u0647 \u06a9\u0646\u06cc\u062f.\",\"breadcrumb\":{\"@id\":\"https:\/\/lawyer-cyp.com\/fa\/favorite-fa\/#breadcrumb\"},\"inLanguage\":\"fa-IR\",\"potentialAction\":[{\"@type\":\"ReadAction\",\"target\":[\"https:\/\/lawyer-cyp.com\/fa\/favorite-fa\/\"]}]},{\"@type\":\"BreadcrumbList\",\"@id\":\"https:\/\/lawyer-cyp.com\/fa\/favorite-fa\/#breadcrumb\",\"itemListElement\":[{\"@type\":\"ListItem\",\"position\":1,\"name\":\"Home\",\"item\":\"https:\/\/lawyer-cyp.com\/fa\/\"},{\"@type\":\"ListItem\",\"position\":2,\"name\":\"\u0644\u06cc\u0633\u062a \u0639\u0644\u0627\u0642\u0647 \u0645\u0646\u062f\u06cc \u0647\u0627\"}]},{\"@type\":\"WebSite\",\"@id\":\"https:\/\/lawyer-cyp.com\/#website\",\"url\":\"https:\/\/lawyer-cyp.com\/\",\"name\":\"high rock\",\"description\":\"\",\"publisher\":{\"@id\":\"https:\/\/lawyer-cyp.com\/#organization\"},\"potentialAction\":[{\"@type\":\"SearchAction\",\"target\":{\"@type\":\"EntryPoint\",\"urlTemplate\":\"https:\/\/lawyer-cyp.com\/?s={search_term_string}\"},\"query-input\":{\"@type\":\"PropertyValueSpecification\",\"valueRequired\":true,\"valueName\":\"search_term_string\"}}],\"inLanguage\":\"fa-IR\"},{\"@type\":\"Organization\",\"@id\":\"https:\/\/lawyer-cyp.com\/#organization\",\"name\":\"High rock\",\"url\":\"https:\/\/lawyer-cyp.com\/\",\"logo\":{\"@type\":\"ImageObject\",\"inLanguage\":\"fa-IR\",\"@id\":\"https:\/\/lawyer-cyp.com\/#\/schema\/logo\/image\/\",\"url\":\"https:\/\/lawyer-cyp.com\/wp-content\/uploads\/2023\/02\/logo.png\",\"contentUrl\":\"https:\/\/lawyer-cyp.com\/wp-content\/uploads\/2023\/02\/logo.png\",\"width\":500,\"height\":156,\"caption\":\"High rock\"},\"image\":{\"@id\":\"https:\/\/lawyer-cyp.com\/#\/schema\/logo\/image\/\"}}]}<\/script>\n<!-- \/ Yoast SEO Premium plugin. -->","yoast_head_json":{"title":"\u0648\u06a9\u06cc\u0644 \u0645\u0639\u0631\u0648\u0641 | \u0628\u0647\u062a\u0631\u06cc\u0646 \u0648\u06a9\u06cc\u0644 \u0642\u0628\u0631\u0633 \u0634\u0645\u0627\u0644\u06cc | \u0648\u06a9\u06cc\u0644 \u0639\u0627\u0644\u06cc","description":"\u0648\u06a9\u06cc\u0644 \u0645\u0648\u0631\u062f \u0639\u0644\u0627\u0642\u0647 \u062e\u0648\u062f \u0631\u0627 \u062f\u0631 \u0627\u06cc\u0646 \u0628\u062e\u0634 \u0627\u0646\u062a\u062e\u0627\u0628 \u06a9\u0646\u06cc\u062f. \u0645\u0627 \u0628\u0647\u062a\u0631\u06cc\u0646 \u0648\u06a9\u0644\u0627\u06cc \u0634\u0647\u0631 \u0642\u0628\u0631\u0633 \u0634\u0645\u0627\u0644\u06cc \u0631\u0627 \u062f\u0627\u0631\u06cc\u0645. \u0628\u0647 \u0631\u0632\u0648\u0645\u0647 \u0622\u0646\u0647\u0627 \u062a\u0648\u062c\u0647 \u06a9\u0646\u06cc\u062f.","robots":{"index":"index","follow":"follow","max-snippet":"max-snippet:-1","max-image-preview":"max-image-preview:large","max-video-preview":"max-video-preview:-1"},"canonical":"https:\/\/lawyer-cyp.com\/fa\/favorite-fa\/","og_locale":"fa_IR","og_type":"article","og_title":"\u0644\u06cc\u0633\u062a \u0639\u0644\u0627\u0642\u0647 \u0645\u0646\u062f\u06cc \u0647\u0627","og_description":"\u0648\u06a9\u06cc\u0644 \u0645\u0648\u0631\u062f \u0639\u0644\u0627\u0642\u0647 \u062e\u0648\u062f \u0631\u0627 \u062f\u0631 \u0627\u06cc\u0646 \u0628\u062e\u0634 \u0627\u0646\u062a\u062e\u0627\u0628 \u06a9\u0646\u06cc\u062f. \u0645\u0627 \u0628\u0647\u062a\u0631\u06cc\u0646 \u0648\u06a9\u0644\u0627\u06cc \u0634\u0647\u0631 \u0642\u0628\u0631\u0633 \u0634\u0645\u0627\u0644\u06cc \u0631\u0627 \u062f\u0627\u0631\u06cc\u0645. \u0628\u0647 \u0631\u0632\u0648\u0645\u0647 \u0622\u0646\u0647\u0627 \u062a\u0648\u062c\u0647 \u06a9\u0646\u06cc\u062f.","og_url":"https:\/\/lawyer-cyp.com\/fa\/favorite-fa\/","og_site_name":"high rock","article_modified_time":"2023-02-18T14:15:05+00:00","twitter_card":"summary_large_image","twitter_misc":{"\u0632\u0645\u0627\u0646 \u062a\u0642\u0631\u06cc\u0628\u06cc \u0628\u0631\u0627\u06cc \u062e\u0648\u0627\u0646\u062f\u0646":"1 \u062f\u0642\u06cc\u0642\u0647"},"schema":{"@context":"https:\/\/schema.org","@graph":[{"@type":"WebPage","@id":"https:\/\/lawyer-cyp.com\/fa\/favorite-fa\/","url":"https:\/\/lawyer-cyp.com\/fa\/favorite-fa\/","name":"\u0648\u06a9\u06cc\u0644 \u0645\u0639\u0631\u0648\u0641 | \u0628\u0647\u062a\u0631\u06cc\u0646 \u0648\u06a9\u06cc\u0644 \u0642\u0628\u0631\u0633 \u0634\u0645\u0627\u0644\u06cc | \u0648\u06a9\u06cc\u0644 \u0639\u0627\u0644\u06cc","isPartOf":{"@id":"https:\/\/lawyer-cyp.com\/#website"},"datePublished":"2022-10-19T07:01:23+00:00","dateModified":"2023-02-18T14:15:05+00:00","description":"\u0648\u06a9\u06cc\u0644 \u0645\u0648\u0631\u062f \u0639\u0644\u0627\u0642\u0647 \u062e\u0648\u062f \u0631\u0627 \u062f\u0631 \u0627\u06cc\u0646 \u0628\u062e\u0634 \u0627\u0646\u062a\u062e\u0627\u0628 \u06a9\u0646\u06cc\u062f. \u0645\u0627 \u0628\u0647\u062a\u0631\u06cc\u0646 \u0648\u06a9\u0644\u0627\u06cc \u0634\u0647\u0631 \u0642\u0628\u0631\u0633 \u0634\u0645\u0627\u0644\u06cc \u0631\u0627 \u062f\u0627\u0631\u06cc\u0645. \u0628\u0647 \u0631\u0632\u0648\u0645\u0647 \u0622\u0646\u0647\u0627 \u062a\u0648\u062c\u0647 \u06a9\u0646\u06cc\u062f.","breadcrumb":{"@id":"https:\/\/lawyer-cyp.com\/fa\/favorite-fa\/#breadcrumb"},"inLanguage":"fa-IR","potentialAction":[{"@type":"ReadAction","target":["https:\/\/lawyer-cyp.com\/fa\/favorite-fa\/"]}]},{"@type":"BreadcrumbList","@id":"https:\/\/lawyer-cyp.com\/fa\/favorite-fa\/#breadcrumb","itemListElement":[{"@type":"ListItem","position":1,"name":"Home","item":"https:\/\/lawyer-cyp.com\/fa\/"},{"@type":"ListItem","position":2,"name":"\u0644\u06cc\u0633\u062a \u0639\u0644\u0627\u0642\u0647 \u0645\u0646\u062f\u06cc \u0647\u0627"}]},{"@type":"WebSite","@id":"https:\/\/lawyer-cyp.com\/#website","url":"https:\/\/lawyer-cyp.com\/","name":"high rock","description":"","publisher":{"@id":"https:\/\/lawyer-cyp.com\/#organization"},"potentialAction":[{"@type":"SearchAction","target":{"@type":"EntryPoint","urlTemplate":"https:\/\/lawyer-cyp.com\/?s={search_term_string}"},"query-input":{"@type":"PropertyValueSpecification","valueRequired":true,"valueName":"search_term_string"}}],"inLanguage":"fa-IR"},{"@type":"Organization","@id":"https:\/\/lawyer-cyp.com\/#organization","name":"High rock","url":"https:\/\/lawyer-cyp.com\/","logo":{"@type":"ImageObject","inLanguage":"fa-IR","@id":"https:\/\/lawyer-cyp.com\/#\/schema\/logo\/image\/","url":"https:\/\/lawyer-cyp.com\/wp-content\/uploads\/2023\/02\/logo.png","contentUrl":"https:\/\/lawyer-cyp.com\/wp-content\/uploads\/2023\/02\/logo.png","width":500,"height":156,"caption":"High rock"},"image":{"@id":"https:\/\/lawyer-cyp.com\/#\/schema\/logo\/image\/"}}]}},"_links":{"self":[{"href":"https:\/\/lawyer-cyp.com\/fa\/wp-json\/wp\/v2\/pages\/9048","targetHints":{"allow":["GET"]}}],"collection":[{"href":"https:\/\/lawyer-cyp.com\/fa\/wp-json\/wp\/v2\/pages"}],"about":[{"href":"https:\/\/lawyer-cyp.com\/fa\/wp-json\/wp\/v2\/types\/page"}],"author":[{"embeddable":true,"href":"https:\/\/lawyer-cyp.com\/fa\/wp-json\/wp\/v2\/users\/17"}],"replies":[{"embeddable":true,"href":"https:\/\/lawyer-cyp.com\/fa\/wp-json\/wp\/v2\/comments?post=9048"}],"version-history":[{"count":2,"href":"https:\/\/lawyer-cyp.com\/fa\/wp-json\/wp\/v2\/pages\/9048\/revisions"}],"predecessor-version":[{"id":9466,"href":"https:\/\/lawyer-cyp.com\/fa\/wp-json\/wp\/v2\/pages\/9048\/revisions\/9466"}],"wp:attachment":[{"href":"https:\/\/lawyer-cyp.com\/fa\/wp-json\/wp\/v2\/media?parent=9048"}],"curies":[{"name":"wp","href":"https:\/\/api.w.org\/{rel}","templated":true}]}}