{"id":9909,"date":"2023-06-18T17:23:58","date_gmt":"2023-06-18T17:23:58","guid":{"rendered":"https:\/\/lawyer-cyp.com\/product\/emreoras\/"},"modified":"2023-07-25T14:20:43","modified_gmt":"2023-07-25T14:20:43","slug":"emreoras","status":"publish","type":"product","link":"https:\/\/lawyer-cyp.com\/fa\/product\/emreoras\/","title":{"rendered":"emre oras"},"content":{"rendered":"<h3 dir=\"ltl\">\u0627\u0645\u0631\u0647 \u0627\u0648\u0631\u0627\u0633<\/h3>\n<p dir=\"ltl\">19\/06\/1984<\/p>\n<p dir=\"ltl\">\u0648\u06a9\u06cc\u0644 , 61.Tasdik Memuru<\/p>\n<p dir=\"ltl\">K\u0131br\u0131s, Gazima\u011fusa \uf02a emreoras@hotmail.com \uf028 +905338753368<\/p>\n<h3 dir=\"ltl\">\u062a\u062c\u0631\u0628\u0647<\/h3>\n<table style=\"height: 82px;\" width=\"809\">\n<tbody>\n<tr>\n<td style=\"text-align: right;\">09.2021- 2022<\/td>\n<td style=\"text-align: right;\">\u062f\u0641\u062a\u0631 \u062d\u0642\u0648\u0642\u06cc \u0628\u06cc\u0644\u06af\u0647\u0627\u0646 \u2013 Av.Ta\u011fma\u00e7 Bilgehan<\/td>\n<td style=\"text-align: right;\">\u0642\u0628\u0631\u0633\u060c \u0641\u0627\u0645\u0627\u06af\u0648\u0633\u062a\u0627<\/td>\n<\/tr>\n<tr>\n<td style=\"text-align: right;\">03.2010 &#8211; \u062f\u0631 \u062d\u0627\u0644 \u062d\u0627\u0636\u0631<\/td>\n<td style=\"text-align: right;\">61. \u062f\u0641\u062a\u0631 \u0635\u062f\u0648\u0631 \u06af\u0648\u0627\u0647\u06cc\u0646\u0627\u0645\u0647<\/td>\n<td style=\"text-align: right;\">\u0642\u0628\u0631\u0633\u060c \u0641\u0627\u0645\u0627\u06af\u0648\u0633\u062a\u0627<\/td>\n<\/tr>\n<\/tbody>\n<\/table>\n<h3 dir=\"ltl\">\u062a\u062d\u0635\u06cc\u0644\u0627\u062a<\/h3>\n<table style=\"height: 82px;\" width=\"809\">\n<tbody>\n<tr>\n<td style=\"text-align: right;\">09.2018-07.2021<\/td>\n<td style=\"text-align: right;\">\u062a\u062d\u0635\u06cc\u0644\u0627\u062a \u06a9\u0627\u0631\u0634\u0646\u0627\u0633\u06cc \u062d\u0642\u0648\u0642<br \/>\n\u062f\u0627\u0646\u0634\u06af\u0627\u0647 \u0628\u06cc\u0646 \u0627\u0644\u0645\u0644\u0644\u06cc \u0642\u0628\u0631\u0633<\/td>\n<td style=\"text-align: right;\">\u0642\u0628\u0631\u0633\u060c \u0646\u06cc\u06a9\u0648\u0632\u06cc\u0627<\/td>\n<\/tr>\n<tr>\n<td style=\"text-align: right;\">2015-2018<\/td>\n<td style=\"text-align: right;\">\u0628\u0631\u0646\u0627\u0645\u0647 \u06a9\u0627\u0631\u062f\u0627\u0646\u06cc \u062f\u0627\u062f\u06af\u0633\u062a\u0631\u06cc<br \/>\n\u0622\u0645\u0648\u0632\u0634 \u0622\u0632\u0627\u062f \u062f\u0627\u0646\u0634\u06af\u0627\u0647 \u0622\u0646\u0627\u062f\u0648\u0644\u0648<\/td>\n<td style=\"text-align: right;\">\u0642\u0628\u0631\u0633\u060c \u0646\u06cc\u06a9\u0648\u0632\u06cc\u0627<\/td>\n<\/tr>\n<\/tbody>\n<\/table>\n<h3 dir=\"ltl\">\u0645\u0647\u0627\u0631\u062a \u0647\u0627<\/h3>\n<p>&nbsp;<\/p>\n<table style=\"height: 92px;\" width=\"819\">\n<tbody>\n<tr>\n<th style=\"text-align: right;\">\u0632\u0628\u0627\u0646<\/th>\n<th style=\"text-align: right;\">\u062a\u0648\u0627\u0646\u0627\u06cc\u06cc \u0647\u0627 \/ \u0634\u0627\u06cc\u0633\u062a\u06af\u06cc \u0647\u0627<\/th>\n<th style=\"text-align: right;\">\u0627\u0628\u0632\u0627\u0631 &amp; \u0641\u0646 \u0622\u0648\u0631\u06cc \u0647\u0627<\/th>\n<\/tr>\n<tr>\n<td style=\"text-align: right;\">\u062a\u0631\u06a9\u06cc<\/td>\n<td style=\"text-align: right;\">\u0645\u062f\u06cc\u0631\u06cc\u062a \u067e\u0631\u0648\u0698\u0647<\/td>\n<td style=\"text-align: right;\">Excel<\/td>\n<\/tr>\n<tr>\n<td style=\"text-align: right;\">\u0130ngilizce<\/td>\n<td style=\"text-align: right;\">\u0631\u0647\u0628\u0631\u06cc<\/td>\n<td style=\"text-align: right;\">MS Office<\/td>\n<\/tr>\n<\/tbody>\n<\/table>\n<h3 dir=\"ltl\">\u0633\u0645\u06cc\u0646\u0627\u0631\u0647\u0627 &amp; \u06af\u0648\u0627\u0647\u06cc\u0646\u0627\u0645\u0647 \u0647\u0627<\/h3>\n<p dir=\"ltl\">&#8211; \u0639\u062f\u0645 \u067e\u0634\u062a\u06cc\u0628\u0627\u0646\u06cc\u060c \u0645\u06cc\u0627\u0646\u062c\u06cc\u06af\u0631\u06cc \u0622\u0633\u06cc\u0628 \u0628\u062f\u0646\u06cc\u060c \u06a9\u0646\u06a9\u0648\u0631\u062f\u0627\u062a ( \u0634\u0645\u0627\u0631\u0647 \u062f\u0648\u0631\u0647: AED-KIBHK-011 \/ \u062a\u0627\u0631\u06cc\u062e \u062f\u0648\u0631\u0647: 10 \u0645\u0627\u0631\u0633 2019 \/ \u0634\u0645\u0627\u0631\u0647 \u06af\u0648\u0627\u0647\u06cc: AED501071)\u0645\u0634\u0627\u0648\u0631\u0647 \u0622\u0645\u0648\u0632\u0634\u06cc \u0622\u06a9\u0627\u0646\u0633\u0644.<br \/>\n&#8211; \u0642\u0627\u0646\u0648\u0646 \u062f\u0631 \u062f\u0646\u06cc\u0627\u06cc \u0645\u0648\u0633\u06cc\u0642\u06cc (\u0634\u0645\u0627\u0631\u0647 \u062f\u0648\u0631\u0647: AED-KIBHK-011 \/ \u062a\u0627\u0631\u06cc\u062e \u062f\u0648\u0631\u0647: 10 \u0645\u0627\u0631\u0633 2019 \/ \u0634\u0645\u0627\u0631\u0647 \u06af\u0648\u0627\u0647\u06cc: AED501071) \u0645\u0634\u0627\u0648\u0631\u0647 \u0622\u0645\u0648\u0632\u0634\u06cc \u0622\u06a9\u0627\u0646\u0633\u0644.<br \/>\n&#8211; \u0628\u0631\u0646\u0627\u0645\u0647 \u0631\u06cc\u0632\u06cc \u0634\u063a\u0644\u06cc \u062f\u0631 \u062d\u0631\u0641\u0647 \u0648\u06a9\u0627\u0644\u062a\u060c \u0639\u0645\u0644\u06cc\u0627\u062a \u0627\u062f\u0627\u0631\u06cc \u0648 \u0645\u0634\u0627\u0631\u06a9\u062a (\u0634\u0645\u0627\u0631\u0647 \u062f\u0648\u0631\u0647: AED-KIBHK-011 \/ \u062a\u0627\u0631\u06cc\u062e \u062f\u0648\u0631\u0647: 10 \u0645\u0627\u0631\u0633 2019 \/ \u0634\u0645\u0627\u0631\u0647 \u06af\u0648\u0627\u0647\u06cc: AED501071) \u0645\u0634\u0627\u0648\u0631\u0647 \u0622\u0645\u0648\u0632\u0634\u06cc \u0622\u06a9\u0627\u0646\u0633\u0644.<br \/>\n&#8211; \u062f\u0627\u0645\u0646\u0647 \u062d\u0642\u0648\u0642 \u06a9\u06cc\u0641\u0631\u06cc ( \u0634\u0645\u0627\u0631\u0647 \u062f\u0648\u0631\u0647: AED-KIBHK-011 \/ \u062a\u0627\u0631\u06cc\u062e \u062f\u0648\u0631\u0647: 10 \u0645\u0627\u0631\u0633 2019 \/ \u0634\u0645\u0627\u0631\u0647 \u06af\u0648\u0627\u0647\u06cc: AED501071) \u0645\u0634\u0627\u0648\u0631\u0647 \u0622\u0645\u0648\u0632\u0634\u06cc \u0622\u06a9\u0627\u0646\u0633\u0644.<br \/>\n&#8211; \u06a9\u0646\u0641\u0631\u0627\u0646\u0633 \u0628\u06cc\u0646 \u0631\u0634\u062a\u0647 \u0627\u06cc \u06a9\u0648\u062f\u06a9 (19 \u0627\u06a9\u062a\u0628\u0631 2019 UC\u0130M)<br \/>\n&#8211; \u062a\u06a9\u0646\u06cc\u06a9 \u0647\u0627\u06cc \u0634\u0646\u06cc\u062f\u0627\u0631\u06cc \u062f\u0631 \u0648\u06a9\u0627\u0644\u062a \/ \u062a\u06a9\u0646\u06cc\u06a9 \u0647\u0627\u06cc \u0634\u0646\u06cc\u062f\u0627\u0631\u06cc \u0648\u06a9\u06cc\u0644 (\u0622\u0645\u0648\u0632\u0634 \u0648 \u067e\u0631\u0648\u0631\u0634 \u0648 \u0622\u06a9\u0627\u062f\u0645\u06cc \u0622\u062f\u0627 \/ 2018 \/ Ada:18647)<br \/>\n&#8211; \u0631\u062f \u0628\u062e\u0634\u06cc \u0627\u0632 \u0634\u063a\u0644 \u062d\u0642\u0648\u0642\u06cc \/ \u0646\u06a9\u0627\u062a\u06cc \u0628\u0631\u0627\u06cc \u062d\u0631\u0641\u0647 \u062d\u0642\u0648\u0642\u06cc (\u0622\u0645\u0648\u0632\u0634 \u0648 \u067e\u0631\u0648\u0631\u0634 \u0648 \u0622\u06a9\u0627\u062f\u0645\u06cc \u0622\u062f\u0627 \/ 2018 \/ Ada:18457)<br \/>\n&#8211; \u0645\u0648\u0627\u0631\u062f \u06a9\u0648\u062f\u06a9 \u0622\u0632\u0627\u0631\u06cc \u0648 \u0627\u0639\u0645\u0627\u0644 \u0645\u062c\u0627\u0632\u0627\u062a \u0627\u062e\u062a\u06af\u06cc \u0634\u06cc\u0645\u06cc\u0627\u06cc\u06cc \/ \u0627\u062c\u0631\u0627\u06cc \u0645\u062c\u0627\u0632\u0627\u062a \u0627\u062e\u062a\u06af\u06cc \u0634\u06cc\u0645\u06cc\u0627\u06cc\u06cc (\u0622\u0645\u0648\u0632\u0634 \u0648 \u067e\u0631\u0648\u0631\u0634 \u0648 \u0622\u06a9\u0627\u062f\u0645\u06cc \u0622\u062f\u0627 \/ 2018 \/ Ada:18138)<br \/>\n&#8211; \u06af\u0648\u0627\u0647\u06cc \u0627\u0641\u062a\u062e\u0627\u0631\u06cc \/ \u0628\u0631\u0646\u0627\u0645\u0647 \u0645\u062f\u0631\u06a9 \u06a9\u0627\u0631\u062f\u0627\u0646\u06cc \u062f\u0627\u0646\u0634\u06af\u0627\u0647 \u0622\u0646\u0627\u062f\u0648\u0644\u0648 \u062f\u0631 \u062a\u0631\u0645 \u067e\u0627\u06cc\u06cc\u0632 \u0633\u0627\u0644 \u062a\u062d\u0635\u06cc\u0644\u06cc 2015-2016.<br \/>\n&#8211; \u06af\u0648\u0627\u0647\u06cc \u0627\u0641\u062a\u062e\u0627\u0631\u06cc \/ \u0628\u0631\u0646\u0627\u0645\u0647 \u0645\u062f\u0631\u06a9 \u06a9\u0627\u0631\u062f\u0627\u0646\u06cc \u062f\u0627\u0646\u0634\u06af\u0627\u0647 \u0622\u0646\u0627\u062f\u0648\u0644\u0648 \u062f\u0631 \u0639\u062f\u0627\u0644\u062a 2015-2016<br \/>\n \u062a\u0631\u0645 \u0628\u0647\u0627\u0631 \u0633\u0627\u0644 \u062a\u062d\u0635\u06cc\u0644\u06cc.<\/p>\n<h3 dir=\"ltl\">\u0639\u0644\u0627\u0642\u0647 \u0647\u0627<\/h3>\n<p dir=\"ltl\">\u0645\u0648\u0633\u06cc\u0642\u06cc \/ \u0622\u0644\u0627\u062a \u0645\u0648\u0633\u06cc\u0642\u06cc<\/p>\n<p dir=\"ltl\">\u0628\u0631\u0642 \u0648 \u0627\u0644\u06a9\u062a\u0631\u0648\u0646\u06cc\u06a9 \/\u0645\u06a9\u0627\u0646\u06cc\u06a9<\/p>\n<p dir=\"ltl\">\u0646\u0631\u0645 \u0627\u0641\u0632\u0627\u0631 \u062a\u0631\u0627\u0634\u0647 \u0648 \u0628\u0631\u0646\u0627\u0645\u0647 \u0646\u0648\u06cc\u0633\u06cc<\/p>\n<p dir=\"ltl\">\u063a\u0648\u0627\u0635\u06cc \u067e\u0627\u062f\u06cc<\/p>\n","protected":false},"excerpt":{"rendered":"<p>\u0627\u0645\u0631\u0647 \u0627\u0648\u0631\u0627\u0633 19\/06\/1984 \u0648\u06a9\u06cc\u0644 , 61.Tasdik Memuru K\u0131br\u0131s, Gazima\u011fusa \uf02a emreoras@hotmail.com \uf028 +905338753368 \u062a\u062c\u0631\u0628\u0647 09.2021- 2022 \u062f\u0641\u062a\u0631 \u062d\u0642\u0648\u0642\u06cc \u0628\u06cc\u0644\u06af\u0647\u0627\u0646 \u2013<\/p>\n","protected":false},"featured_media":9904,"comment_status":"open","ping_status":"closed","template":"","meta":[],"product_brand":[],"product_cat":[110],"product_tag":[159],"class_list":{"0":"post-9909","1":"product","2":"type-product","3":"status-publish","4":"has-post-thumbnail","6":"product_cat-real-estate-fa","7":"product_tag-gazimagusa-fa","9":"first","10":"instock","11":"shipping-taxable","12":"product-type-simple"},"yoast_head":"<!-- This site is optimized with the Yoast SEO Premium plugin v24.6 (Yoast SEO v27.5) - https:\/\/yoast.com\/product\/yoast-seo-premium-wordpress\/ -->\n<title>emre oras - high rock<\/title>\n<meta name=\"robots\" content=\"index, follow, max-snippet:-1, max-image-preview:large, max-video-preview:-1\" \/>\n<link rel=\"canonical\" href=\"https:\/\/lawyer-cyp.com\/urun\/emreoras\/\" \/>\n<meta property=\"og:locale\" content=\"fa_IR\" \/>\n<meta property=\"og:type\" content=\"article\" \/>\n<meta property=\"og:title\" content=\"emre oras\" \/>\n<meta property=\"og:description\" content=\"\u0627\u0645\u0631\u0647 \u0627\u0648\u0631\u0627\u0633 19\/06\/1984 \u0648\u06a9\u06cc\u0644 , 61.Tasdik Memuru K\u0131br\u0131s, Gazima\u011fusa \uf02a emreoras@hotmail.com \uf028 +905338753368 \u062a\u062c\u0631\u0628\u0647 09.2021- 2022 \u062f\u0641\u062a\u0631 \u062d\u0642\u0648\u0642\u06cc \u0628\u06cc\u0644\u06af\u0647\u0627\u0646 \u2013\" \/>\n<meta property=\"og:url\" content=\"https:\/\/lawyer-cyp.com\/urun\/emreoras\/\" \/>\n<meta property=\"og:site_name\" content=\"high rock\" \/>\n<meta property=\"article:modified_time\" content=\"2023-07-25T14:20:43+00:00\" \/>\n<meta property=\"og:image\" content=\"https:\/\/lawyer-cyp.com\/wp-content\/uploads\/2023\/06\/Untitled.jpg\" \/>\n\t<meta property=\"og:image:width\" content=\"646\" \/>\n\t<meta property=\"og:image:height\" content=\"863\" \/>\n\t<meta property=\"og:image:type\" content=\"image\/jpeg\" \/>\n<meta name=\"twitter:card\" content=\"summary_large_image\" \/>\n<meta name=\"twitter:label1\" content=\"\u0642\u06cc\u0645\u062a\" \/>\n\t<meta name=\"twitter:data1\" content=\"\" \/>\n\t<meta name=\"twitter:label2\" content=\"\u062f\u0633\u062a\u0631\u0633\u06cc\" \/>\n\t<meta name=\"twitter:data2\" content=\"\u0645\u0648\u062c\u0648\u062f\" \/>\n<script type=\"application\/ld+json\" class=\"yoast-schema-graph\">{\"@context\":\"https:\\\/\\\/schema.org\",\"@graph\":[{\"@type\":\"WebPage\",\"@id\":\"https:\\\/\\\/lawyer-cyp.com\\\/urun\\\/emreoras\\\/\",\"url\":\"https:\\\/\\\/lawyer-cyp.com\\\/urun\\\/emreoras\\\/\",\"name\":\"emre oras - high rock\",\"isPartOf\":{\"@id\":\"https:\\\/\\\/lawyer-cyp.com\\\/#website\"},\"primaryImageOfPage\":{\"@id\":\"https:\\\/\\\/lawyer-cyp.com\\\/urun\\\/emreoras\\\/#primaryimage\"},\"image\":{\"@id\":\"https:\\\/\\\/lawyer-cyp.com\\\/urun\\\/emreoras\\\/#primaryimage\"},\"thumbnailUrl\":\"https:\\\/\\\/lawyer-cyp.com\\\/wp-content\\\/uploads\\\/2023\\\/06\\\/Untitled.jpg\",\"datePublished\":\"2023-06-18T17:23:58+00:00\",\"dateModified\":\"2023-07-25T14:20:43+00:00\",\"breadcrumb\":{\"@id\":\"https:\\\/\\\/lawyer-cyp.com\\\/urun\\\/emreoras\\\/#breadcrumb\"},\"inLanguage\":\"fa-IR\",\"potentialAction\":[{\"@type\":\"ReadAction\",\"target\":[\"https:\\\/\\\/lawyer-cyp.com\\\/urun\\\/emreoras\\\/\"]}]},{\"@type\":\"ImageObject\",\"inLanguage\":\"fa-IR\",\"@id\":\"https:\\\/\\\/lawyer-cyp.com\\\/urun\\\/emreoras\\\/#primaryimage\",\"url\":\"https:\\\/\\\/lawyer-cyp.com\\\/wp-content\\\/uploads\\\/2023\\\/06\\\/Untitled.jpg\",\"contentUrl\":\"https:\\\/\\\/lawyer-cyp.com\\\/wp-content\\\/uploads\\\/2023\\\/06\\\/Untitled.jpg\",\"width\":646,\"height\":863,\"caption\":\"emre-oras\"},{\"@type\":\"BreadcrumbList\",\"@id\":\"https:\\\/\\\/lawyer-cyp.com\\\/urun\\\/emreoras\\\/#breadcrumb\",\"itemListElement\":[{\"@type\":\"ListItem\",\"position\":1,\"name\":\"Home\",\"item\":\"https:\\\/\\\/lawyer-cyp.com\\\/fa\\\/\"},{\"@type\":\"ListItem\",\"position\":2,\"name\":\"avukatlar\",\"item\":\"https:\\\/\\\/lawyer-cyp.com\\\/shop\\\/\"},{\"@type\":\"ListItem\",\"position\":3,\"name\":\"emre oras\"}]},{\"@type\":\"WebSite\",\"@id\":\"https:\\\/\\\/lawyer-cyp.com\\\/#website\",\"url\":\"https:\\\/\\\/lawyer-cyp.com\\\/\",\"name\":\"high rock\",\"description\":\"\",\"publisher\":{\"@id\":\"https:\\\/\\\/lawyer-cyp.com\\\/#organization\"},\"potentialAction\":[{\"@type\":\"SearchAction\",\"target\":{\"@type\":\"EntryPoint\",\"urlTemplate\":\"https:\\\/\\\/lawyer-cyp.com\\\/?s={search_term_string}\"},\"query-input\":{\"@type\":\"PropertyValueSpecification\",\"valueRequired\":true,\"valueName\":\"search_term_string\"}}],\"inLanguage\":\"fa-IR\"},{\"@type\":\"Organization\",\"@id\":\"https:\\\/\\\/lawyer-cyp.com\\\/#organization\",\"name\":\"High rock\",\"url\":\"https:\\\/\\\/lawyer-cyp.com\\\/\",\"logo\":{\"@type\":\"ImageObject\",\"inLanguage\":\"fa-IR\",\"@id\":\"https:\\\/\\\/lawyer-cyp.com\\\/#\\\/schema\\\/logo\\\/image\\\/\",\"url\":\"https:\\\/\\\/lawyer-cyp.com\\\/wp-content\\\/uploads\\\/2023\\\/02\\\/logo.png\",\"contentUrl\":\"https:\\\/\\\/lawyer-cyp.com\\\/wp-content\\\/uploads\\\/2023\\\/02\\\/logo.png\",\"width\":500,\"height\":156,\"caption\":\"High rock\"},\"image\":{\"@id\":\"https:\\\/\\\/lawyer-cyp.com\\\/#\\\/schema\\\/logo\\\/image\\\/\"}}]}<\/script>\n<meta property=\"product:price:currency\" content=\"TRY\" \/>\n<meta property=\"og:availability\" content=\"instock\" \/>\n<meta property=\"product:availability\" content=\"instock\" \/>\n<meta property=\"product:condition\" content=\"new\" \/>\n<!-- \/ Yoast SEO Premium plugin. -->","yoast_head_json":{"title":"emre oras - high rock","robots":{"index":"index","follow":"follow","max-snippet":"max-snippet:-1","max-image-preview":"max-image-preview:large","max-video-preview":"max-video-preview:-1"},"canonical":"https:\/\/lawyer-cyp.com\/urun\/emreoras\/","og_locale":"fa_IR","og_type":"article","og_title":"emre oras","og_description":"\u0627\u0645\u0631\u0647 \u0627\u0648\u0631\u0627\u0633 19\/06\/1984 \u0648\u06a9\u06cc\u0644 , 61.Tasdik Memuru K\u0131br\u0131s, Gazima\u011fusa \uf02a emreoras@hotmail.com \uf028 +905338753368 \u062a\u062c\u0631\u0628\u0647 09.2021- 2022 \u062f\u0641\u062a\u0631 \u062d\u0642\u0648\u0642\u06cc \u0628\u06cc\u0644\u06af\u0647\u0627\u0646 \u2013","og_url":"https:\/\/lawyer-cyp.com\/urun\/emreoras\/","og_site_name":"high rock","article_modified_time":"2023-07-25T14:20:43+00:00","og_image":[{"width":646,"height":863,"url":"https:\/\/lawyer-cyp.com\/wp-content\/uploads\/2023\/06\/Untitled.jpg","type":"image\/jpeg"}],"twitter_card":"summary_large_image","twitter_misc":{"\u0642\u06cc\u0645\u062a":"","\u062f\u0633\u062a\u0631\u0633\u06cc":"\u0645\u0648\u062c\u0648\u062f"},"schema":{"@context":"https:\/\/schema.org","@graph":[{"@type":"WebPage","@id":"https:\/\/lawyer-cyp.com\/urun\/emreoras\/","url":"https:\/\/lawyer-cyp.com\/urun\/emreoras\/","name":"emre oras - high rock","isPartOf":{"@id":"https:\/\/lawyer-cyp.com\/#website"},"primaryImageOfPage":{"@id":"https:\/\/lawyer-cyp.com\/urun\/emreoras\/#primaryimage"},"image":{"@id":"https:\/\/lawyer-cyp.com\/urun\/emreoras\/#primaryimage"},"thumbnailUrl":"https:\/\/lawyer-cyp.com\/wp-content\/uploads\/2023\/06\/Untitled.jpg","datePublished":"2023-06-18T17:23:58+00:00","dateModified":"2023-07-25T14:20:43+00:00","breadcrumb":{"@id":"https:\/\/lawyer-cyp.com\/urun\/emreoras\/#breadcrumb"},"inLanguage":"fa-IR","potentialAction":[{"@type":"ReadAction","target":["https:\/\/lawyer-cyp.com\/urun\/emreoras\/"]}]},{"@type":"ImageObject","inLanguage":"fa-IR","@id":"https:\/\/lawyer-cyp.com\/urun\/emreoras\/#primaryimage","url":"https:\/\/lawyer-cyp.com\/wp-content\/uploads\/2023\/06\/Untitled.jpg","contentUrl":"https:\/\/lawyer-cyp.com\/wp-content\/uploads\/2023\/06\/Untitled.jpg","width":646,"height":863,"caption":"emre-oras"},{"@type":"BreadcrumbList","@id":"https:\/\/lawyer-cyp.com\/urun\/emreoras\/#breadcrumb","itemListElement":[{"@type":"ListItem","position":1,"name":"Home","item":"https:\/\/lawyer-cyp.com\/fa\/"},{"@type":"ListItem","position":2,"name":"avukatlar","item":"https:\/\/lawyer-cyp.com\/shop\/"},{"@type":"ListItem","position":3,"name":"emre oras"}]},{"@type":"WebSite","@id":"https:\/\/lawyer-cyp.com\/#website","url":"https:\/\/lawyer-cyp.com\/","name":"high rock","description":"","publisher":{"@id":"https:\/\/lawyer-cyp.com\/#organization"},"potentialAction":[{"@type":"SearchAction","target":{"@type":"EntryPoint","urlTemplate":"https:\/\/lawyer-cyp.com\/?s={search_term_string}"},"query-input":{"@type":"PropertyValueSpecification","valueRequired":true,"valueName":"search_term_string"}}],"inLanguage":"fa-IR"},{"@type":"Organization","@id":"https:\/\/lawyer-cyp.com\/#organization","name":"High rock","url":"https:\/\/lawyer-cyp.com\/","logo":{"@type":"ImageObject","inLanguage":"fa-IR","@id":"https:\/\/lawyer-cyp.com\/#\/schema\/logo\/image\/","url":"https:\/\/lawyer-cyp.com\/wp-content\/uploads\/2023\/02\/logo.png","contentUrl":"https:\/\/lawyer-cyp.com\/wp-content\/uploads\/2023\/02\/logo.png","width":500,"height":156,"caption":"High rock"},"image":{"@id":"https:\/\/lawyer-cyp.com\/#\/schema\/logo\/image\/"}}]},"product_price_currency":"TRY","og_availability":"instock","product_availability":"instock","product_condition":"new"},"_links":{"self":[{"href":"https:\/\/lawyer-cyp.com\/fa\/wp-json\/wp\/v2\/product\/9909","targetHints":{"allow":["GET"]}}],"collection":[{"href":"https:\/\/lawyer-cyp.com\/fa\/wp-json\/wp\/v2\/product"}],"about":[{"href":"https:\/\/lawyer-cyp.com\/fa\/wp-json\/wp\/v2\/types\/product"}],"replies":[{"embeddable":true,"href":"https:\/\/lawyer-cyp.com\/fa\/wp-json\/wp\/v2\/comments?post=9909"}],"version-history":[{"count":2,"href":"https:\/\/lawyer-cyp.com\/fa\/wp-json\/wp\/v2\/product\/9909\/revisions"}],"predecessor-version":[{"id":9911,"href":"https:\/\/lawyer-cyp.com\/fa\/wp-json\/wp\/v2\/product\/9909\/revisions\/9911"}],"wp:featuredmedia":[{"embeddable":true,"href":"https:\/\/lawyer-cyp.com\/fa\/wp-json\/wp\/v2\/media\/9904"}],"wp:attachment":[{"href":"https:\/\/lawyer-cyp.com\/fa\/wp-json\/wp\/v2\/media?parent=9909"}],"wp:term":[{"taxonomy":"product_brand","embeddable":true,"href":"https:\/\/lawyer-cyp.com\/fa\/wp-json\/wp\/v2\/product_brand?post=9909"},{"taxonomy":"product_cat","embeddable":true,"href":"https:\/\/lawyer-cyp.com\/fa\/wp-json\/wp\/v2\/product_cat?post=9909"},{"taxonomy":"product_tag","embeddable":true,"href":"https:\/\/lawyer-cyp.com\/fa\/wp-json\/wp\/v2\/product_tag?post=9909"}],"curies":[{"name":"wp","href":"https:\/\/api.w.org\/{rel}","templated":true}]}}