{"id":9938,"date":"2023-07-14T20:06:33","date_gmt":"2023-07-14T20:06:33","guid":{"rendered":"https:\/\/lawyer-cyp.com\/product\/ulku-avci\/"},"modified":"2023-07-25T13:49:26","modified_gmt":"2023-07-25T13:49:26","slug":"ulku-avci","status":"publish","type":"product","link":"https:\/\/lawyer-cyp.com\/fa\/product\/ulku-avci\/","title":{"rendered":"\u0627\u0648\u0644\u06a9\u0648 \u0622\u0648\u0686\u06cc"},"content":{"rendered":"<p><strong><u>\u0627\u0637\u0644\u0627\u0639\u0627\u062a \u0634\u062e\u0635\u06cc\u061b<\/u><\/strong><\/p>\n<p>\u0646\u0627\u0645: \u00dclk\u00fc<\/p>\n<p>\u0646\u0627\u0645 \u062e\u0627\u0646\u0648\u0627\u062f\u06af\u06cc: Avc\u0131<\/p>\n<p>\u0622\u062f\u0631\u0633: 22\/C Klinikler Sok. \u062c\u0627\u062f\u0647 \u0622\u0632\u0627\u062f \u0628\u0646\u062f\u0631 \u0641\u0627\u0645\u0627\u06af\u0648\u0633\u062a\u0627.<\/p>\n<p>\u0627\u06cc\u0645\u06cc\u0644: <a href=\"mailto:ulkuavci95@outlook.com\">ulkuavci95@outlook.com<\/a><\/p>\n<p>\u062a\u0644\u0641\u0646: 0533 8303242<\/p>\n<p>&nbsp;<\/p>\n<p><strong><u>\u0641\u0627\u0631\u063a \u0627\u0644\u062a\u062d\u0635\u06cc\u0644 \u0645\u062f\u0631\u0633\u0647 \u0648 \u06af\u0631\u0648\u0647\u061b<\/u><\/strong><\/p>\n<p>\u062f\u0627\u0646\u0634\u06af\u0627\u0647 \u0645\u062f\u06cc\u062a\u0631\u0627\u0646\u0647 \u0634\u0631\u0642\u06cc (\u062f\u0627\u0646\u0634\u06a9\u062f\u0647 \u062d\u0642\u0648\u0642)<\/p>\n<p><strong><u>\u062d\u0631\u0641\u0647\u061b<\/u><\/strong><\/p>\n<p>\u0648\u06a9\u06cc\u0644<\/p>\n<p><strong><u>\u062a\u062c\u0631\u0628\u0647 \u06a9\u0627\u0631\u06cc\u061b<\/u><\/strong><\/p>\n<ul>\n<li>\u06a9\u0627\u0631\u0622\u0645\u0648\u0632 \u0648\u06a9\u06cc\u0644 \u062f\u0631 \u062f\u0641\u062a\u0631 \u062d\u0642\u0648\u0642\u06cc Alper Dede (2017)<\/li>\n<li>\u0628\u0647 \u0645\u062f\u062a 6 \u0645\u0627\u0647 (2018) \u062f\u0631 \u062f\u0641\u062a\u0631 \u062d\u0642\u0648\u0642\u06cc \u0622\u06cc\u0633\u0644 \u0627\u0648\u0632\u0648\u0646 \u06a9\u0627\u0631 \u06a9\u0631\u062f\u0647 \u0627\u0633\u062a<\/li>\n<li>\u06a9\u0627\u0631 \u062f\u0631 \u062f\u0641\u062a\u0631 \u062d\u0642\u0648\u0642\u06cc \u0130zzet Gilanl\u0131o\u011flu \u0628\u0647 \u0645\u062f\u062a 2 \u0633\u0627\u0644 (2019-2021)<\/li>\n<\/ul>\n<p>&nbsp;<\/p>\n<p>** \u0627\u0632 \u0633\u0627\u0644 1397 \u0648 \u0647\u0646\u0648\u0632 \u0647\u0645 \u0628\u0647 \u0634\u063a\u0644 \u0648\u06a9\u0627\u0644\u062a \u0622\u0632\u0627\u062f \u0645\u0634\u063a\u0648\u0644 \u0647\u0633\u062a\u0645.<\/p>\n<p>&nbsp;<\/p>\n<p><strong><u>\u0632\u0645\u06cc\u0646\u0647 \u0647\u0627\u06cc \u0645\u0648\u0631\u062f \u0639\u0644\u0627\u0642\u0647:<\/u><\/strong><\/p>\n<ul>\n<li>\u0642\u0627\u0646\u0648\u0646 \u062e\u0627\u0646\u0648\u0627\u062f\u0647<\/li>\n<li>\u062d\u0642\u0648\u0642 \u062c\u0632\u0627\u06cc\u06cc<\/li>\n<li>\u062f\u0639\u0648\u0627\u06cc \u062d\u0642\u0648\u0642\u06cc \u0645\u062f\u0646\u06cc<\/li>\n<li>\u0628\u0631\u0646\u0627\u0645\u0647 \u0647\u0627\u06cc \u0645\u062c\u0648\u0632 \u0627\u0645\u0644\u0627\u06a9 \u063a\u06cc\u0631\u0645\u0646\u0642\u0648\u0644 \u0628\u0631\u0627\u06cc \u062e\u0627\u0631\u062c\u06cc \u0647\u0627<\/li>\n<li>\u062a\u0647\u06cc\u0647 \u0642\u0631\u0627\u0631\u062f\u0627\u062f \u0641\u0631\u0648\u0634<\/li>\n<\/ul>\n<p>&nbsp;<\/p>\n<p><strong><u>\u0633\u0645\u067e\u0648\u0632\u06cc\u0648\u0645\u061b<\/u><\/strong><\/p>\n<ul>\n<li>&#8220;\u0642\u0627\u0646\u0648\u0646 \u062a\u0627\u0628\u0639\u06cc\u062a \u062a\u0637\u0628\u06cc\u0642\u06cc \u200b\u200bTR-TRNC&#8221;<\/li>\n<li>&#8220;\u0628\u0631\u0627\u0628\u0631\u06cc \u062c\u0646\u0633\u06cc\u062a\u06cc: \u062e\u0634\u0648\u0646\u062a \u0639\u0644\u06cc\u0647 \u0632\u0646\u0627\u0646\/\u062e\u0634\u0648\u0646\u062a \u062e\u0627\u0646\u06af\u06cc \u0648 \u0642\u0627\u0646\u0648\u0646&#8221;<\/li>\n<\/ul>\n<p>&nbsp;<\/p>\n<p>&nbsp;<\/p>\n<p><strong><u>\u0645\u0631\u0627\u062c\u0639\u061b<\/u><\/strong><\/p>\n<p><strong><u> <\/u><\/strong><\/p>\n<ul>\n<li>Sheriff Transturk (\u0634\u0645\u0627\u0631\u0647 \u062a\u0644\u0641\u0646: 0548 8632838)<\/li>\n<li>\u0130zzet Gilanl\u0131o\u011flu (\u0634\u0645\u0627\u0631\u0647 \u062a\u0644\u0641\u0646: 0533 8530397)<\/li>\n<li>Recep Soner Sa\u011flam (\u0634\u0645\u0627\u0631\u0647 \u062a\u0644\u0641\u0646: 0533 8632446)<\/li>\n<li>Ne\u015fe Keskin (\u0634\u0645\u0627\u0631\u0647 \u062a\u0644\u0641\u0646: 0542 8512650)<\/li>\n<\/ul>\n","protected":false},"excerpt":{"rendered":"<p><br data-mce-bogus=\"1\"><\/p>\n","protected":false},"featured_media":9933,"comment_status":"open","ping_status":"closed","template":"","meta":[],"product_brand":[],"product_cat":[110],"product_tag":[159],"class_list":{"0":"post-9938","1":"product","2":"type-product","3":"status-publish","4":"has-post-thumbnail","6":"product_cat-real-estate-fa","7":"product_tag-gazimagusa-fa","9":"first","10":"instock","11":"shipping-taxable","12":"product-type-simple"},"yoast_head":"<!-- This site is optimized with the Yoast SEO Premium plugin v24.6 (Yoast SEO v27.2) - https:\/\/yoast.com\/product\/yoast-seo-premium-wordpress\/ -->\n<title>\u0627\u0648\u0644\u06a9\u0648 \u0622\u0648\u0686\u06cc - high rock<\/title>\n<meta name=\"robots\" content=\"index, follow, max-snippet:-1, max-image-preview:large, max-video-preview:-1\" \/>\n<link rel=\"canonical\" href=\"https:\/\/lawyer-cyp.com\/fa\/product\/ulku-avci\/\" \/>\n<meta property=\"og:locale\" content=\"fa_IR\" \/>\n<meta property=\"og:type\" content=\"article\" \/>\n<meta property=\"og:title\" content=\"\u0627\u0648\u0644\u06a9\u0648 \u0622\u0648\u0686\u06cc\" \/>\n<meta property=\"og:url\" content=\"https:\/\/lawyer-cyp.com\/fa\/product\/ulku-avci\/\" \/>\n<meta property=\"og:site_name\" content=\"high rock\" \/>\n<meta property=\"article:modified_time\" content=\"2023-07-25T13:49:26+00:00\" \/>\n<meta property=\"og:image\" content=\"https:\/\/lawyer-cyp.com\/wp-content\/uploads\/2023\/07\/3.jpg\" \/>\n\t<meta property=\"og:image:width\" content=\"327\" \/>\n\t<meta property=\"og:image:height\" content=\"436\" \/>\n\t<meta property=\"og:image:type\" content=\"image\/jpeg\" \/>\n<meta name=\"twitter:card\" content=\"summary_large_image\" \/>\n<meta name=\"twitter:label1\" content=\"\u0642\u06cc\u0645\u062a\" \/>\n\t<meta name=\"twitter:data1\" content=\"\" \/>\n\t<meta name=\"twitter:label2\" content=\"\u062f\u0633\u062a\u0631\u0633\u06cc\" \/>\n\t<meta name=\"twitter:data2\" content=\"\u0645\u0648\u062c\u0648\u062f\" \/>\n<script type=\"application\/ld+json\" class=\"yoast-schema-graph\">{\"@context\":\"https:\/\/schema.org\",\"@graph\":[{\"@type\":\"WebPage\",\"@id\":\"https:\/\/lawyer-cyp.com\/fa\/product\/ulku-avci\/\",\"url\":\"https:\/\/lawyer-cyp.com\/fa\/product\/ulku-avci\/\",\"name\":\"\u0627\u0648\u0644\u06a9\u0648 \u0622\u0648\u0686\u06cc - high rock\",\"isPartOf\":{\"@id\":\"https:\/\/lawyer-cyp.com\/#website\"},\"primaryImageOfPage\":{\"@id\":\"https:\/\/lawyer-cyp.com\/fa\/product\/ulku-avci\/#primaryimage\"},\"image\":{\"@id\":\"https:\/\/lawyer-cyp.com\/fa\/product\/ulku-avci\/#primaryimage\"},\"thumbnailUrl\":\"https:\/\/lawyer-cyp.com\/wp-content\/uploads\/2023\/07\/3.jpg\",\"datePublished\":\"2023-07-14T20:06:33+00:00\",\"dateModified\":\"2023-07-25T13:49:26+00:00\",\"breadcrumb\":{\"@id\":\"https:\/\/lawyer-cyp.com\/fa\/product\/ulku-avci\/#breadcrumb\"},\"inLanguage\":\"fa-IR\",\"potentialAction\":[{\"@type\":\"ReadAction\",\"target\":[\"https:\/\/lawyer-cyp.com\/fa\/product\/ulku-avci\/\"]}]},{\"@type\":\"ImageObject\",\"inLanguage\":\"fa-IR\",\"@id\":\"https:\/\/lawyer-cyp.com\/fa\/product\/ulku-avci\/#primaryimage\",\"url\":\"https:\/\/lawyer-cyp.com\/wp-content\/uploads\/2023\/07\/3.jpg\",\"contentUrl\":\"https:\/\/lawyer-cyp.com\/wp-content\/uploads\/2023\/07\/3.jpg\",\"width\":327,\"height\":436,\"caption\":\"ulku\"},{\"@type\":\"BreadcrumbList\",\"@id\":\"https:\/\/lawyer-cyp.com\/fa\/product\/ulku-avci\/#breadcrumb\",\"itemListElement\":[{\"@type\":\"ListItem\",\"position\":1,\"name\":\"Home\",\"item\":\"https:\/\/lawyer-cyp.com\/fa\/\"},{\"@type\":\"ListItem\",\"position\":2,\"name\":\"avukatlar\",\"item\":\"https:\/\/lawyer-cyp.com\/shop\/\"},{\"@type\":\"ListItem\",\"position\":3,\"name\":\"\u0627\u0648\u0644\u06a9\u0648 \u0622\u0648\u0686\u06cc\"}]},{\"@type\":\"WebSite\",\"@id\":\"https:\/\/lawyer-cyp.com\/#website\",\"url\":\"https:\/\/lawyer-cyp.com\/\",\"name\":\"high rock\",\"description\":\"\",\"publisher\":{\"@id\":\"https:\/\/lawyer-cyp.com\/#organization\"},\"potentialAction\":[{\"@type\":\"SearchAction\",\"target\":{\"@type\":\"EntryPoint\",\"urlTemplate\":\"https:\/\/lawyer-cyp.com\/?s={search_term_string}\"},\"query-input\":{\"@type\":\"PropertyValueSpecification\",\"valueRequired\":true,\"valueName\":\"search_term_string\"}}],\"inLanguage\":\"fa-IR\"},{\"@type\":\"Organization\",\"@id\":\"https:\/\/lawyer-cyp.com\/#organization\",\"name\":\"High rock\",\"url\":\"https:\/\/lawyer-cyp.com\/\",\"logo\":{\"@type\":\"ImageObject\",\"inLanguage\":\"fa-IR\",\"@id\":\"https:\/\/lawyer-cyp.com\/#\/schema\/logo\/image\/\",\"url\":\"https:\/\/lawyer-cyp.com\/wp-content\/uploads\/2023\/02\/logo.png\",\"contentUrl\":\"https:\/\/lawyer-cyp.com\/wp-content\/uploads\/2023\/02\/logo.png\",\"width\":500,\"height\":156,\"caption\":\"High rock\"},\"image\":{\"@id\":\"https:\/\/lawyer-cyp.com\/#\/schema\/logo\/image\/\"}}]}<\/script>\n<meta property=\"product:price:currency\" content=\"TRY\" \/>\n<meta property=\"og:availability\" content=\"instock\" \/>\n<meta property=\"product:availability\" content=\"instock\" \/>\n<meta property=\"product:condition\" content=\"new\" \/>\n<!-- \/ Yoast SEO Premium plugin. -->","yoast_head_json":{"title":"\u0627\u0648\u0644\u06a9\u0648 \u0622\u0648\u0686\u06cc - high rock","robots":{"index":"index","follow":"follow","max-snippet":"max-snippet:-1","max-image-preview":"max-image-preview:large","max-video-preview":"max-video-preview:-1"},"canonical":"https:\/\/lawyer-cyp.com\/fa\/product\/ulku-avci\/","og_locale":"fa_IR","og_type":"article","og_title":"\u0627\u0648\u0644\u06a9\u0648 \u0622\u0648\u0686\u06cc","og_url":"https:\/\/lawyer-cyp.com\/fa\/product\/ulku-avci\/","og_site_name":"high rock","article_modified_time":"2023-07-25T13:49:26+00:00","og_image":[{"width":327,"height":436,"url":"https:\/\/lawyer-cyp.com\/wp-content\/uploads\/2023\/07\/3.jpg","type":"image\/jpeg"}],"twitter_card":"summary_large_image","twitter_misc":{"\u0642\u06cc\u0645\u062a":"","\u062f\u0633\u062a\u0631\u0633\u06cc":"\u0645\u0648\u062c\u0648\u062f"},"schema":{"@context":"https:\/\/schema.org","@graph":[{"@type":"WebPage","@id":"https:\/\/lawyer-cyp.com\/fa\/product\/ulku-avci\/","url":"https:\/\/lawyer-cyp.com\/fa\/product\/ulku-avci\/","name":"\u0627\u0648\u0644\u06a9\u0648 \u0622\u0648\u0686\u06cc - high rock","isPartOf":{"@id":"https:\/\/lawyer-cyp.com\/#website"},"primaryImageOfPage":{"@id":"https:\/\/lawyer-cyp.com\/fa\/product\/ulku-avci\/#primaryimage"},"image":{"@id":"https:\/\/lawyer-cyp.com\/fa\/product\/ulku-avci\/#primaryimage"},"thumbnailUrl":"https:\/\/lawyer-cyp.com\/wp-content\/uploads\/2023\/07\/3.jpg","datePublished":"2023-07-14T20:06:33+00:00","dateModified":"2023-07-25T13:49:26+00:00","breadcrumb":{"@id":"https:\/\/lawyer-cyp.com\/fa\/product\/ulku-avci\/#breadcrumb"},"inLanguage":"fa-IR","potentialAction":[{"@type":"ReadAction","target":["https:\/\/lawyer-cyp.com\/fa\/product\/ulku-avci\/"]}]},{"@type":"ImageObject","inLanguage":"fa-IR","@id":"https:\/\/lawyer-cyp.com\/fa\/product\/ulku-avci\/#primaryimage","url":"https:\/\/lawyer-cyp.com\/wp-content\/uploads\/2023\/07\/3.jpg","contentUrl":"https:\/\/lawyer-cyp.com\/wp-content\/uploads\/2023\/07\/3.jpg","width":327,"height":436,"caption":"ulku"},{"@type":"BreadcrumbList","@id":"https:\/\/lawyer-cyp.com\/fa\/product\/ulku-avci\/#breadcrumb","itemListElement":[{"@type":"ListItem","position":1,"name":"Home","item":"https:\/\/lawyer-cyp.com\/fa\/"},{"@type":"ListItem","position":2,"name":"avukatlar","item":"https:\/\/lawyer-cyp.com\/shop\/"},{"@type":"ListItem","position":3,"name":"\u0627\u0648\u0644\u06a9\u0648 \u0622\u0648\u0686\u06cc"}]},{"@type":"WebSite","@id":"https:\/\/lawyer-cyp.com\/#website","url":"https:\/\/lawyer-cyp.com\/","name":"high rock","description":"","publisher":{"@id":"https:\/\/lawyer-cyp.com\/#organization"},"potentialAction":[{"@type":"SearchAction","target":{"@type":"EntryPoint","urlTemplate":"https:\/\/lawyer-cyp.com\/?s={search_term_string}"},"query-input":{"@type":"PropertyValueSpecification","valueRequired":true,"valueName":"search_term_string"}}],"inLanguage":"fa-IR"},{"@type":"Organization","@id":"https:\/\/lawyer-cyp.com\/#organization","name":"High rock","url":"https:\/\/lawyer-cyp.com\/","logo":{"@type":"ImageObject","inLanguage":"fa-IR","@id":"https:\/\/lawyer-cyp.com\/#\/schema\/logo\/image\/","url":"https:\/\/lawyer-cyp.com\/wp-content\/uploads\/2023\/02\/logo.png","contentUrl":"https:\/\/lawyer-cyp.com\/wp-content\/uploads\/2023\/02\/logo.png","width":500,"height":156,"caption":"High rock"},"image":{"@id":"https:\/\/lawyer-cyp.com\/#\/schema\/logo\/image\/"}}]},"product_price_currency":"TRY","og_availability":"instock","product_availability":"instock","product_condition":"new"},"_links":{"self":[{"href":"https:\/\/lawyer-cyp.com\/fa\/wp-json\/wp\/v2\/product\/9938","targetHints":{"allow":["GET"]}}],"collection":[{"href":"https:\/\/lawyer-cyp.com\/fa\/wp-json\/wp\/v2\/product"}],"about":[{"href":"https:\/\/lawyer-cyp.com\/fa\/wp-json\/wp\/v2\/types\/product"}],"replies":[{"embeddable":true,"href":"https:\/\/lawyer-cyp.com\/fa\/wp-json\/wp\/v2\/comments?post=9938"}],"version-history":[{"count":1,"href":"https:\/\/lawyer-cyp.com\/fa\/wp-json\/wp\/v2\/product\/9938\/revisions"}],"predecessor-version":[{"id":9939,"href":"https:\/\/lawyer-cyp.com\/fa\/wp-json\/wp\/v2\/product\/9938\/revisions\/9939"}],"wp:featuredmedia":[{"embeddable":true,"href":"https:\/\/lawyer-cyp.com\/fa\/wp-json\/wp\/v2\/media\/9933"}],"wp:attachment":[{"href":"https:\/\/lawyer-cyp.com\/fa\/wp-json\/wp\/v2\/media?parent=9938"}],"wp:term":[{"taxonomy":"product_brand","embeddable":true,"href":"https:\/\/lawyer-cyp.com\/fa\/wp-json\/wp\/v2\/product_brand?post=9938"},{"taxonomy":"product_cat","embeddable":true,"href":"https:\/\/lawyer-cyp.com\/fa\/wp-json\/wp\/v2\/product_cat?post=9938"},{"taxonomy":"product_tag","embeddable":true,"href":"https:\/\/lawyer-cyp.com\/fa\/wp-json\/wp\/v2\/product_tag?post=9938"}],"curies":[{"name":"wp","href":"https:\/\/api.w.org\/{rel}","templated":true}]}}